{"id":3718,"date":"2024-08-18T01:19:24","date_gmt":"2024-08-18T01:19:24","guid":{"rendered":""},"modified":"2025-03-14T10:10:13","modified_gmt":"2025-03-14T15:10:13","slug":"quienes-somos","status":"publish","type":"page","link":"https:\/\/fjvpiscinas.com\/tienda\/quienes-somos\/","title":{"rendered":"Quienes Somos"},"content":{"rendered":"\t\t<div data-elementor-type=\"wp-page\" data-elementor-id=\"3718\" class=\"elementor elementor-3718\">\n\t\t\t\t\t\t<section class=\"elementor-section elementor-top-section elementor-element elementor-element-2f34d65d elementor-section-boxed elementor-section-height-default elementor-section-height-default\" data-id=\"2f34d65d\" data-element_type=\"section\">\n\t\t\t\t\t\t<div class=\"elementor-container elementor-column-gap-default\">\n\t\t\t\t\t<div class=\"elementor-column elementor-col-33 elementor-top-column elementor-element elementor-element-3a0f3e02\" data-id=\"3a0f3e02\" data-element_type=\"column\">\n\t\t\t<div class=\"elementor-widget-wrap elementor-element-populated\">\n\t\t\t\t\t\t<div class=\"elementor-element elementor-element-2fab0a29 elementor-widget elementor-widget-heading\" data-id=\"2fab0a29\" data-element_type=\"widget\" data-widget_type=\"heading.default\">\n\t\t\t\t<div class=\"elementor-widget-container\">\n\t\t\t\t\t<h3 class=\"elementor-heading-title elementor-size-default\">Sobre Nosotros:<\/h3>\t\t\t\t<\/div>\n\t\t\t\t<\/div>\n\t\t\t\t<div class=\"elementor-element elementor-element-7229ae73 elementor-widget elementor-widget-text-editor\" data-id=\"7229ae73\" data-element_type=\"widget\" data-widget_type=\"text-editor.default\">\n\t\t\t\t<div class=\"elementor-widget-container\">\n\t\t\t\t\t\t\t\t\t<div class=\"feed-note__message_paragraph\"><p>Somos una empresa establecida hace 18 a\u00f1os respaldada por 25 a\u00f1os de experiencia en el campo, entramos al mercado local ofreciendo los mejores productos y servicios, enfoc\u00e1ndonos en el cumplimiento, seguridad de entrega y un aporte t\u00e9cnico profesional para nuestros clientes, ofreciendo soluciones t\u00e9cnicas a solicitudes de clientes mejorando la calidad de vida de las viviendas de todo p\u00fablico en general.<br \/>Iniciamos nuestras actividades en el rubro de Servicios Generales en Lima, Per\u00fa, con una metodolog\u00eda de trabajo que nos distingue y que ha sido perfeccionada a lo largo de los a\u00f1os, trabajando junto a empresas privadas y clientes particulares. Nuestro \u00e9xito se basa en tres pilares clave:<\/p><p><img decoding=\"async\" class=\"emoji\" role=\"img\" draggable=\"false\" src=\"https:\/\/s.w.org\/images\/core\/emoji\/15.0.3\/svg\/2705.svg\" alt=\"\u2705\" \/> Responsabilidad<br \/><img decoding=\"async\" class=\"emoji\" role=\"img\" draggable=\"false\" src=\"https:\/\/s.w.org\/images\/core\/emoji\/15.0.3\/svg\/2705.svg\" alt=\"\u2705\" \/> Calidad<br \/><img decoding=\"async\" class=\"emoji\" role=\"img\" draggable=\"false\" src=\"https:\/\/s.w.org\/images\/core\/emoji\/15.0.3\/svg\/2705.svg\" alt=\"\u2705\" \/> Garant\u00eda de un buen servicio<br \/>En cada proyecto y cada venta, ponemos toda nuestra experiencia y compromiso al servicio de nuestros clientes.<\/p><p><img decoding=\"async\" class=\"emoji\" role=\"img\" draggable=\"false\" src=\"https:\/\/s.w.org\/images\/core\/emoji\/15.0.3\/svg\/1f449.svg\" alt=\"\ud83d\udc49\" \/> \u00a1Bienvenidos a nuestra familia de clientes satisfechos! Ser\u00e1 un placer ser parte de sus proyectos y ayudarles a hacer realidad la piscina de sus sue\u00f1os.<\/p><\/div>\t\t\t\t\t\t\t\t<\/div>\n\t\t\t\t<\/div>\n\t\t\t\t\t<\/div>\n\t\t<\/div>\n\t\t\t\t<div class=\"elementor-column elementor-col-66 elementor-top-column elementor-element elementor-element-5a58338f\" data-id=\"5a58338f\" data-element_type=\"column\">\n\t\t\t<div class=\"elementor-widget-wrap elementor-element-populated\">\n\t\t\t\t\t\t<div class=\"elementor-element elementor-element-7abe8605 elementor-widget__width-initial elementor-widget elementor-widget-wp-widget-nasa_banner_sc\" data-id=\"7abe8605\" data-element_type=\"widget\" data-widget_type=\"wp-widget-nasa_banner_sc.default\">\n\t\t\t\t<div class=\"elementor-widget-container\">\n\t\t\t\t\t<div class=\"banner nasa-banner\" data-wow-delay=\"\" style=\"height: 555px;\"><div class=\"banner-image nasa-banner-image ns-banner-bg\" style=\"background-image: url(https:\/\/fjvpiscinas.com\/tienda\/wp-content\/uploads\/2025\/03\/nosotros12.jpg);background-position: center center;\" data-height=\"555\" data-width=\"1280\"><\/div><\/div>\t\t\t\t<\/div>\n\t\t\t\t<\/div>\n\t\t\t\t\t<\/div>\n\t\t<\/div>\n\t\t\t\t\t<\/div>\n\t\t<\/section>\n\t\t\t\t<\/div>\n\t\t","protected":false},"excerpt":{"rendered":"<p>Sobre Nosotros: Somos una empresa establecida hace 18 a\u00f1os respaldada por 25 a\u00f1os de experiencia en el campo, entramos al mercado local ofreciendo los mejores productos y servicios, enfoc\u00e1ndonos en el cumplimiento, seguridad de entrega y un aporte t\u00e9cnico profesional para nuestros clientes, ofreciendo soluciones t\u00e9cnicas a solicitudes de clientes mejorando la calidad de vida [&hellip;]<\/p>\n","protected":false},"author":1,"featured_media":0,"parent":0,"menu_order":0,"comment_status":"closed","ping_status":"closed","template":"","meta":{"footnotes":""},"class_list":["post-3718","page","type-page","status-publish","hentry"],"_links":{"self":[{"href":"https:\/\/fjvpiscinas.com\/tienda\/wp-json\/wp\/v2\/pages\/3718","targetHints":{"allow":["GET"]}}],"collection":[{"href":"https:\/\/fjvpiscinas.com\/tienda\/wp-json\/wp\/v2\/pages"}],"about":[{"href":"https:\/\/fjvpiscinas.com\/tienda\/wp-json\/wp\/v2\/types\/page"}],"author":[{"embeddable":true,"href":"https:\/\/fjvpiscinas.com\/tienda\/wp-json\/wp\/v2\/users\/1"}],"replies":[{"embeddable":true,"href":"https:\/\/fjvpiscinas.com\/tienda\/wp-json\/wp\/v2\/comments?post=3718"}],"version-history":[{"count":67,"href":"https:\/\/fjvpiscinas.com\/tienda\/wp-json\/wp\/v2\/pages\/3718\/revisions"}],"predecessor-version":[{"id":6643,"href":"https:\/\/fjvpiscinas.com\/tienda\/wp-json\/wp\/v2\/pages\/3718\/revisions\/6643"}],"wp:attachment":[{"href":"https:\/\/fjvpiscinas.com\/tienda\/wp-json\/wp\/v2\/media?parent=3718"}],"curies":[{"name":"wp","href":"https:\/\/api.w.org\/{rel}","templated":true}]}}