{"id":6704,"date":"2025-05-02T08:39:18","date_gmt":"2025-05-02T13:39:18","guid":{"rendered":"https:\/\/fjvpiscinas.com\/tienda\/?post_type=product&#038;p=6704"},"modified":"2025-10-09T15:43:16","modified_gmt":"2025-10-09T20:43:16","slug":"filtro_arena_16_usr","status":"publish","type":"product","link":"https:\/\/fjvpiscinas.com\/tienda\/product\/filtro_arena_16_usr\/","title":{"rendered":"Filtro de arena 16&#8243;  USR DG-400"},"content":{"rendered":"<p><span style=\"font-family: arial, helvetica, sans-serif;\">El filtro de arena de 16 pulgadas marca USR esta dise\u00f1ado para ofrecer un eficiente sistema de filtraci\u00f3n para piscinas residenciales. Su cuerpo resistente y de alta durabilidad asegura un mantenimiento m\u00ednimo y rendimiento constante.<\/span><\/p>\n","protected":false},"excerpt":{"rendered":"<p>El filtro de arena de 16 pulgadas marca USR esta dise\u00f1ado para ofrecer un eficiente sistema de filtraci\u00f3n para piscinas residenciales. Su cuerpo resistente y de alta durabilidad asegura un mantenimiento m\u00ednimo y rendimiento constante.<\/p>\n","protected":false},"featured_media":6748,"comment_status":"open","ping_status":"closed","template":"","meta":[],"product_brand":[],"product_cat":[281],"product_tag":[286,284,285],"class_list":{"0":"post-6704","1":"product","2":"type-product","3":"status-publish","4":"has-post-thumbnail","6":"product_cat-filtros","7":"product_tag-equipos-para-piscina","8":"product_tag-filtro-de-arena","9":"product_tag-filtro-para-piscina","11":"first","12":"instock","13":"shipping-taxable","14":"purchasable","15":"product-type-simple"},"_links":{"self":[{"href":"https:\/\/fjvpiscinas.com\/tienda\/wp-json\/wp\/v2\/product\/6704","targetHints":{"allow":["GET"]}}],"collection":[{"href":"https:\/\/fjvpiscinas.com\/tienda\/wp-json\/wp\/v2\/product"}],"about":[{"href":"https:\/\/fjvpiscinas.com\/tienda\/wp-json\/wp\/v2\/types\/product"}],"replies":[{"embeddable":true,"href":"https:\/\/fjvpiscinas.com\/tienda\/wp-json\/wp\/v2\/comments?post=6704"}],"wp:featuredmedia":[{"embeddable":true,"href":"https:\/\/fjvpiscinas.com\/tienda\/wp-json\/wp\/v2\/media\/6748"}],"wp:attachment":[{"href":"https:\/\/fjvpiscinas.com\/tienda\/wp-json\/wp\/v2\/media?parent=6704"}],"wp:term":[{"taxonomy":"product_brand","embeddable":true,"href":"https:\/\/fjvpiscinas.com\/tienda\/wp-json\/wp\/v2\/product_brand?post=6704"},{"taxonomy":"product_cat","embeddable":true,"href":"https:\/\/fjvpiscinas.com\/tienda\/wp-json\/wp\/v2\/product_cat?post=6704"},{"taxonomy":"product_tag","embeddable":true,"href":"https:\/\/fjvpiscinas.com\/tienda\/wp-json\/wp\/v2\/product_tag?post=6704"}],"curies":[{"name":"wp","href":"https:\/\/api.w.org\/{rel}","templated":true}]}}