{"id":6709,"date":"2025-05-02T09:32:30","date_gmt":"2025-05-02T14:32:30","guid":{"rendered":"https:\/\/fjvpiscinas.com\/tienda\/?post_type=product&#038;p=6709"},"modified":"2025-10-09T15:01:48","modified_gmt":"2025-10-09T20:01:48","slug":"bomba-espa-silen-1-0-hp","status":"publish","type":"product","link":"https:\/\/fjvpiscinas.com\/tienda\/product\/bomba-espa-silen-1-0-hp\/","title":{"rendered":"Bomba ESPA Silen 100 1.0 HP"},"content":{"rendered":null,"protected":false},"excerpt":{"rendered":"<p>Bomba centr\u00edfuga monocelular, compacta y con gran poder de aspiraci\u00f3n, dise\u00f1ada para piscinas desmontables o enterradas.<\/p>\n","protected":false},"featured_media":6685,"comment_status":"open","ping_status":"closed","template":"","meta":[],"product_brand":[],"product_cat":[280],"product_tag":[],"class_list":{"0":"post-6709","1":"product","2":"type-product","3":"status-publish","4":"has-post-thumbnail","6":"product_cat-electrobombas","8":"first","9":"instock","10":"shipping-taxable","11":"purchasable","12":"product-type-simple"},"_links":{"self":[{"href":"https:\/\/fjvpiscinas.com\/tienda\/wp-json\/wp\/v2\/product\/6709","targetHints":{"allow":["GET"]}}],"collection":[{"href":"https:\/\/fjvpiscinas.com\/tienda\/wp-json\/wp\/v2\/product"}],"about":[{"href":"https:\/\/fjvpiscinas.com\/tienda\/wp-json\/wp\/v2\/types\/product"}],"replies":[{"embeddable":true,"href":"https:\/\/fjvpiscinas.com\/tienda\/wp-json\/wp\/v2\/comments?post=6709"}],"wp:featuredmedia":[{"embeddable":true,"href":"https:\/\/fjvpiscinas.com\/tienda\/wp-json\/wp\/v2\/media\/6685"}],"wp:attachment":[{"href":"https:\/\/fjvpiscinas.com\/tienda\/wp-json\/wp\/v2\/media?parent=6709"}],"wp:term":[{"taxonomy":"product_brand","embeddable":true,"href":"https:\/\/fjvpiscinas.com\/tienda\/wp-json\/wp\/v2\/product_brand?post=6709"},{"taxonomy":"product_cat","embeddable":true,"href":"https:\/\/fjvpiscinas.com\/tienda\/wp-json\/wp\/v2\/product_cat?post=6709"},{"taxonomy":"product_tag","embeddable":true,"href":"https:\/\/fjvpiscinas.com\/tienda\/wp-json\/wp\/v2\/product_tag?post=6709"}],"curies":[{"name":"wp","href":"https:\/\/api.w.org\/{rel}","templated":true}]}}