{"id":6723,"date":"2025-05-02T15:51:07","date_gmt":"2025-05-02T20:51:07","guid":{"rendered":"https:\/\/fjvpiscinas.com\/tienda\/?post_type=product&#038;p=6723"},"modified":"2025-10-09T11:58:02","modified_gmt":"2025-10-09T16:58:02","slug":"cloro-en-pastillas-para-piscinas-20-kg-pluschlor","status":"publish","type":"product","link":"https:\/\/fjvpiscinas.com\/tienda\/product\/cloro-en-pastillas-para-piscinas-20-kg-pluschlor\/","title":{"rendered":"Cloro en pastillas para piscinas 20 kg Pluschlor"},"content":{"rendered":null,"protected":false},"excerpt":{"rendered":"<p>Mant\u00e9n tu piscina limpia y segura este verano con el cloro en pastillas Pluschlor.<\/p>\n<p>Gracias a su alta concentraci\u00f3n al 90%, elimina bacterias y mantiene el agua<\/p>\n<p>cristalina por m\u00e1s tiempo. Presentado en balde pr\u00e1ctico, f\u00e1cil de aplicar y almacenar.<\/p>\n<p>Ideal para uso residencial y comercial.<\/p>\n","protected":false},"featured_media":6699,"comment_status":"open","ping_status":"closed","template":"","meta":[],"product_brand":[],"product_cat":[278],"product_tag":[],"class_list":{"0":"post-6723","1":"product","2":"type-product","3":"status-publish","4":"has-post-thumbnail","6":"product_cat-quimicos","8":"first","9":"instock","10":"shipping-taxable","11":"purchasable","12":"product-type-simple"},"_links":{"self":[{"href":"https:\/\/fjvpiscinas.com\/tienda\/wp-json\/wp\/v2\/product\/6723","targetHints":{"allow":["GET"]}}],"collection":[{"href":"https:\/\/fjvpiscinas.com\/tienda\/wp-json\/wp\/v2\/product"}],"about":[{"href":"https:\/\/fjvpiscinas.com\/tienda\/wp-json\/wp\/v2\/types\/product"}],"replies":[{"embeddable":true,"href":"https:\/\/fjvpiscinas.com\/tienda\/wp-json\/wp\/v2\/comments?post=6723"}],"wp:featuredmedia":[{"embeddable":true,"href":"https:\/\/fjvpiscinas.com\/tienda\/wp-json\/wp\/v2\/media\/6699"}],"wp:attachment":[{"href":"https:\/\/fjvpiscinas.com\/tienda\/wp-json\/wp\/v2\/media?parent=6723"}],"wp:term":[{"taxonomy":"product_brand","embeddable":true,"href":"https:\/\/fjvpiscinas.com\/tienda\/wp-json\/wp\/v2\/product_brand?post=6723"},{"taxonomy":"product_cat","embeddable":true,"href":"https:\/\/fjvpiscinas.com\/tienda\/wp-json\/wp\/v2\/product_cat?post=6723"},{"taxonomy":"product_tag","embeddable":true,"href":"https:\/\/fjvpiscinas.com\/tienda\/wp-json\/wp\/v2\/product_tag?post=6723"}],"curies":[{"name":"wp","href":"https:\/\/api.w.org\/{rel}","templated":true}]}}