{"id":6724,"date":"2025-05-02T16:30:31","date_gmt":"2025-05-02T21:30:31","guid":{"rendered":"https:\/\/fjvpiscinas.com\/tienda\/?post_type=product&#038;p=6724"},"modified":"2025-05-02T17:06:02","modified_gmt":"2025-05-02T22:06:02","slug":"cloro-granulado-presentacion-18-kg-pluschlor","status":"publish","type":"product","link":"https:\/\/fjvpiscinas.com\/tienda\/product\/cloro-granulado-presentacion-18-kg-pluschlor\/","title":{"rendered":"Cloro Granulado presentaci\u00f3n 18 kg Pluschlor"},"content":{"rendered":null,"protected":false},"excerpt":{"rendered":"<p>Mant\u00e9n tu piscina limpia y segura con el Cloro Granulado Pluschlor de 18 kg.<\/p>\n<p>Este agente oxidante y bactericida es ideal para desinfectar el agua de piscinas y potable.<\/p>\n<p>Con una concentraci\u00f3n del 65\/70% de hipoclorito de calcio, garantiza una desinfecci\u00f3n efectiva.<\/p>\n<p>Adem\u00e1s, su presentaci\u00f3n en balde facilita su aplicaci\u00f3n y almacenamiento.<\/p>\n<p>Protege a tu familia y amigos de bacterias y g\u00e9rmenes con este cloro de calidad.<\/p>\n","protected":false},"featured_media":6698,"comment_status":"open","ping_status":"closed","template":"","meta":[],"product_brand":[],"product_cat":[278],"product_tag":[],"class_list":{"0":"post-6724","1":"product","2":"type-product","3":"status-publish","4":"has-post-thumbnail","6":"product_cat-quimicos","8":"first","9":"instock","10":"shipping-taxable","11":"purchasable","12":"product-type-simple"},"_links":{"self":[{"href":"https:\/\/fjvpiscinas.com\/tienda\/wp-json\/wp\/v2\/product\/6724","targetHints":{"allow":["GET"]}}],"collection":[{"href":"https:\/\/fjvpiscinas.com\/tienda\/wp-json\/wp\/v2\/product"}],"about":[{"href":"https:\/\/fjvpiscinas.com\/tienda\/wp-json\/wp\/v2\/types\/product"}],"replies":[{"embeddable":true,"href":"https:\/\/fjvpiscinas.com\/tienda\/wp-json\/wp\/v2\/comments?post=6724"}],"wp:featuredmedia":[{"embeddable":true,"href":"https:\/\/fjvpiscinas.com\/tienda\/wp-json\/wp\/v2\/media\/6698"}],"wp:attachment":[{"href":"https:\/\/fjvpiscinas.com\/tienda\/wp-json\/wp\/v2\/media?parent=6724"}],"wp:term":[{"taxonomy":"product_brand","embeddable":true,"href":"https:\/\/fjvpiscinas.com\/tienda\/wp-json\/wp\/v2\/product_brand?post=6724"},{"taxonomy":"product_cat","embeddable":true,"href":"https:\/\/fjvpiscinas.com\/tienda\/wp-json\/wp\/v2\/product_cat?post=6724"},{"taxonomy":"product_tag","embeddable":true,"href":"https:\/\/fjvpiscinas.com\/tienda\/wp-json\/wp\/v2\/product_tag?post=6724"}],"curies":[{"name":"wp","href":"https:\/\/api.w.org\/{rel}","templated":true}]}}