{"id":6752,"date":"2025-07-16T23:09:06","date_gmt":"2025-07-17T04:09:06","guid":{"rendered":"https:\/\/fjvpiscinas.com\/tienda\/?post_type=product&#038;p=6752"},"modified":"2025-10-09T11:29:46","modified_gmt":"2025-10-09T16:29:46","slug":"filtro-de-arena-de-30-3-5-bar-50-psi-con-conexion-roscada-de-2","status":"publish","type":"product","link":"https:\/\/fjvpiscinas.com\/tienda\/product\/filtro-de-arena-de-30-3-5-bar-50-psi-con-conexion-roscada-de-2\/","title":{"rendered":"Filtro de Arena de 30&#8243; \u2013 3.5 BAR \/ 50 PSI con Conexi\u00f3n Roscada de 2\u201d"},"content":{"rendered":"<p><span style=\"font-family: arial, helvetica, sans-serif;\">Filtro de alta resistencia fabricado en material anticorrosivo, ideal para sistemas de filtraci\u00f3n de piscinas residenciales y comerciales.<\/span><br data-start=\"280\" data-end=\"283\" \/><span style=\"font-family: arial, helvetica, sans-serif;\">Cuenta con un tanque de 30 pulgadas de di\u00e1metro, presi\u00f3n m\u00e1xima de trabajo de 3.5 BAR (50 PSI), y conexiones roscadas de 2&#8243;, lo que garantiza un flujo eficiente y una f\u00e1cil instalaci\u00f3n.<\/span><br data-start=\"468\" data-end=\"471\" \/><span style=\"font-family: arial, helvetica, sans-serif;\">Compatible con v\u00e1lvulas selectoras de 6 v\u00edas para operaciones de filtrado, retro lavado, enjuague, recirculaci\u00f3n, vaciado y cerrado.<\/span><\/p>\n","protected":false},"excerpt":{"rendered":"<p>Filtro de alta resistencia fabricado en material anticorrosivo, ideal para sistemas de filtraci\u00f3n de piscinas residenciales y comerciales.Cuenta con un tanque de 30 pulgadas de di\u00e1metro, presi\u00f3n m\u00e1xima de trabajo de 3.5 BAR (50 PSI), y conexiones roscadas de 2&#8243;, lo que garantiza un flujo eficiente y una f\u00e1cil instalaci\u00f3n.Compatible con v\u00e1lvulas selectoras de 6 [&hellip;]<\/p>\n","protected":false},"featured_media":6753,"comment_status":"open","ping_status":"closed","template":"","meta":[],"product_brand":[],"product_cat":[281],"product_tag":[286,287,284,289,285,288],"class_list":{"0":"post-6752","1":"product","2":"type-product","3":"status-publish","4":"has-post-thumbnail","6":"product_cat-filtros","7":"product_tag-equipos-para-piscina","8":"product_tag-filtro-comercial","9":"product_tag-filtro-de-arena","10":"product_tag-filtro-de-arena-30","11":"product_tag-filtro-para-piscina","12":"product_tag-sistema-de-filtracion","14":"first","15":"instock","16":"shipping-taxable","17":"purchasable","18":"product-type-simple"},"_links":{"self":[{"href":"https:\/\/fjvpiscinas.com\/tienda\/wp-json\/wp\/v2\/product\/6752","targetHints":{"allow":["GET"]}}],"collection":[{"href":"https:\/\/fjvpiscinas.com\/tienda\/wp-json\/wp\/v2\/product"}],"about":[{"href":"https:\/\/fjvpiscinas.com\/tienda\/wp-json\/wp\/v2\/types\/product"}],"replies":[{"embeddable":true,"href":"https:\/\/fjvpiscinas.com\/tienda\/wp-json\/wp\/v2\/comments?post=6752"}],"wp:featuredmedia":[{"embeddable":true,"href":"https:\/\/fjvpiscinas.com\/tienda\/wp-json\/wp\/v2\/media\/6753"}],"wp:attachment":[{"href":"https:\/\/fjvpiscinas.com\/tienda\/wp-json\/wp\/v2\/media?parent=6752"}],"wp:term":[{"taxonomy":"product_brand","embeddable":true,"href":"https:\/\/fjvpiscinas.com\/tienda\/wp-json\/wp\/v2\/product_brand?post=6752"},{"taxonomy":"product_cat","embeddable":true,"href":"https:\/\/fjvpiscinas.com\/tienda\/wp-json\/wp\/v2\/product_cat?post=6752"},{"taxonomy":"product_tag","embeddable":true,"href":"https:\/\/fjvpiscinas.com\/tienda\/wp-json\/wp\/v2\/product_tag?post=6752"}],"curies":[{"name":"wp","href":"https:\/\/api.w.org\/{rel}","templated":true}]}}