{"id":6785,"date":"2025-10-11T13:16:30","date_gmt":"2025-10-11T18:16:30","guid":{"rendered":"https:\/\/fjvpiscinas.com\/tienda\/?post_type=product&#038;p=6785"},"modified":"2025-11-08T09:11:14","modified_gmt":"2025-11-08T14:11:14","slug":"electrobomba-de-rotor-humedo-syllent-3-4-hp-220v-60-hz","status":"publish","type":"product","link":"https:\/\/fjvpiscinas.com\/tienda\/product\/electrobomba-de-rotor-humedo-syllent-3-4-hp-220v-60-hz\/","title":{"rendered":"ELECTROBOMBA RESISTENTE A INUNDACIONES DE ROTOR HUMEDO SYLLENT 3\/4 HP 220V 60 Hz"},"content":{"rendered":"<p>El equipo cuenta con una refrigeraci\u00f3n hidr\u00e1ulica, la cual, permite que la bomba sea resistente a inundaciones en cuartos de m\u00e1quinas; excelente precio y rendimiento.<\/p>\n","protected":false},"excerpt":{"rendered":"<p>El equipo cuenta con una refrigeraci\u00f3n hidr\u00e1ulica, la cual, permite que la bomba sea resistente a inundaciones en cuartos de m\u00e1quinas; excelente precio y rendimiento.<\/p>\n","protected":false},"featured_media":6782,"comment_status":"open","ping_status":"closed","template":"","meta":[],"product_brand":[],"product_cat":[280],"product_tag":[],"class_list":{"0":"post-6785","1":"product","2":"type-product","3":"status-publish","4":"has-post-thumbnail","6":"product_cat-electrobombas","8":"first","9":"instock","10":"sale","11":"shipping-taxable","12":"purchasable","13":"product-type-simple"},"_links":{"self":[{"href":"https:\/\/fjvpiscinas.com\/tienda\/wp-json\/wp\/v2\/product\/6785","targetHints":{"allow":["GET"]}}],"collection":[{"href":"https:\/\/fjvpiscinas.com\/tienda\/wp-json\/wp\/v2\/product"}],"about":[{"href":"https:\/\/fjvpiscinas.com\/tienda\/wp-json\/wp\/v2\/types\/product"}],"replies":[{"embeddable":true,"href":"https:\/\/fjvpiscinas.com\/tienda\/wp-json\/wp\/v2\/comments?post=6785"}],"wp:featuredmedia":[{"embeddable":true,"href":"https:\/\/fjvpiscinas.com\/tienda\/wp-json\/wp\/v2\/media\/6782"}],"wp:attachment":[{"href":"https:\/\/fjvpiscinas.com\/tienda\/wp-json\/wp\/v2\/media?parent=6785"}],"wp:term":[{"taxonomy":"product_brand","embeddable":true,"href":"https:\/\/fjvpiscinas.com\/tienda\/wp-json\/wp\/v2\/product_brand?post=6785"},{"taxonomy":"product_cat","embeddable":true,"href":"https:\/\/fjvpiscinas.com\/tienda\/wp-json\/wp\/v2\/product_cat?post=6785"},{"taxonomy":"product_tag","embeddable":true,"href":"https:\/\/fjvpiscinas.com\/tienda\/wp-json\/wp\/v2\/product_tag?post=6785"}],"curies":[{"name":"wp","href":"https:\/\/api.w.org\/{rel}","templated":true}]}}