{"id":6787,"date":"2025-10-11T13:21:24","date_gmt":"2025-10-11T18:21:24","guid":{"rendered":"https:\/\/fjvpiscinas.com\/tienda\/?post_type=product&#038;p=6787"},"modified":"2025-11-08T09:08:30","modified_gmt":"2025-11-08T14:08:30","slug":"electrobomba-de-rotor-humedo-syllent-1-5-hp-220v-60-hz","status":"publish","type":"product","link":"https:\/\/fjvpiscinas.com\/tienda\/product\/electrobomba-de-rotor-humedo-syllent-1-5-hp-220v-60-hz\/","title":{"rendered":"ELECTROBOMBA RESISTENTE A INUNDACIONES DE ROTOR HUMEDO SYLLENT 1.5 HP 220V 60 Hz"},"content":{"rendered":"<p>El equipo cuenta con una refrigeraci\u00f3n hidr\u00e1ulica, la cual, permite que la bomba sea resistente a inundaciones en cuartos de m\u00e1quinas; excelente precio y rendimiento.<\/p>\n","protected":false},"excerpt":{"rendered":"<p>El equipo cuenta con una refrigeraci\u00f3n hidr\u00e1ulica, la cual, permite que la bomba sea resistente a inundaciones en cuartos de m\u00e1quinas; excelente precio y rendimiento.<\/p>\n","protected":false},"featured_media":6782,"comment_status":"open","ping_status":"closed","template":"","meta":[],"product_brand":[],"product_cat":[280],"product_tag":[],"class_list":{"0":"post-6787","1":"product","2":"type-product","3":"status-publish","4":"has-post-thumbnail","6":"product_cat-electrobombas","8":"first","9":"instock","10":"sale","11":"shipping-taxable","12":"purchasable","13":"product-type-simple"},"_links":{"self":[{"href":"https:\/\/fjvpiscinas.com\/tienda\/wp-json\/wp\/v2\/product\/6787","targetHints":{"allow":["GET"]}}],"collection":[{"href":"https:\/\/fjvpiscinas.com\/tienda\/wp-json\/wp\/v2\/product"}],"about":[{"href":"https:\/\/fjvpiscinas.com\/tienda\/wp-json\/wp\/v2\/types\/product"}],"replies":[{"embeddable":true,"href":"https:\/\/fjvpiscinas.com\/tienda\/wp-json\/wp\/v2\/comments?post=6787"}],"wp:featuredmedia":[{"embeddable":true,"href":"https:\/\/fjvpiscinas.com\/tienda\/wp-json\/wp\/v2\/media\/6782"}],"wp:attachment":[{"href":"https:\/\/fjvpiscinas.com\/tienda\/wp-json\/wp\/v2\/media?parent=6787"}],"wp:term":[{"taxonomy":"product_brand","embeddable":true,"href":"https:\/\/fjvpiscinas.com\/tienda\/wp-json\/wp\/v2\/product_brand?post=6787"},{"taxonomy":"product_cat","embeddable":true,"href":"https:\/\/fjvpiscinas.com\/tienda\/wp-json\/wp\/v2\/product_cat?post=6787"},{"taxonomy":"product_tag","embeddable":true,"href":"https:\/\/fjvpiscinas.com\/tienda\/wp-json\/wp\/v2\/product_tag?post=6787"}],"curies":[{"name":"wp","href":"https:\/\/api.w.org\/{rel}","templated":true}]}}